{"id":35,"date":"2018-03-13T08:20:27","date_gmt":"2018-03-13T07:20:27","guid":{"rendered":"https:\/\/ing.fs.uni-saarland.de\/?page_id=35"},"modified":"2026-02-09T16:29:21","modified_gmt":"2026-02-09T15:29:21","slug":"startseite","status":"publish","type":"page","link":"https:\/\/ing.fs.uni-saarland.de\/","title":{"rendered":"Der Fachschaftsrat"},"content":{"rendered":"<div class=\"entry clearfix\">\n<p>Fachschaft!?<\/p>\n<div>Eigentlich &ldquo;Fachschaftsrat&rdquo;, ehrenamtliche T&auml;tigkeit.<\/div>\n<div>Der Fachschaftsrat, das sind die gew&auml;hlten Vertreter der Studierenden der Fachrichtung&nbsp;(der Fachschaft).<\/div>\n<p>Was machen wir?<\/p>\n<ul>\n<li>Vertretung eurer Interessen in verschiedenen Gremien (z.B. Fakult&auml;tsrat,&nbsp; Pr&uuml;fungsausch&uuml;sse, Gremium zur Vergabe der Studiengeb&uuml;hren)<\/li>\n<li>Unterst&uuml;tzung bei Problemen mit Vorlesungen, Klausuren, Professoren<\/li>\n<li>Sammlung&nbsp;alter Klausuren<\/li>\n<li>Verbesserung der Studienpl&auml;ne und Lehre<\/li>\n<li>Diverse Veranstaltungen (Schwenken, Gl&uuml;hweinverkauf, etc.)<\/li>\n<\/ul>\n<\/div>\n","protected":false},"excerpt":{"rendered":"<p>Fachschaft!? Eigentlich \u201cFachschaftsrat\u201d, ehrenamtliche T\u00e4tigkeit. Der Fachschaftsrat, das sind die gew\u00e4hlten Vertreter der Studierenden der Fachrichtung\u00a0(der Fachschaft). Was machen wir? Vertretung eurer Interessen in verschiedenen Gremien (z.B. Fakult\u00e4tsrat,\u00a0 Pr\u00fcfungsausch\u00fcsse, Gremium zur Vergabe der Studiengeb\u00fchren) Unterst\u00fctzung bei Problemen mit Vorlesungen, Klausuren, Professoren Sammlung\u00a0alter Klausuren Verbesserung der Studienpl\u00e4ne und Lehre Diverse Veranstaltungen (Schwenken, Gl\u00fchweinverkauf, etc.)<\/p>\n","protected":false},"author":1,"featured_media":0,"parent":0,"menu_order":0,"comment_status":"closed","ping_status":"closed","template":"","meta":[],"_links":{"self":[{"href":"https:\/\/ing.fs.uni-saarland.de\/index.php\/wp-json\/wp\/v2\/pages\/35"}],"collection":[{"href":"https:\/\/ing.fs.uni-saarland.de\/index.php\/wp-json\/wp\/v2\/pages"}],"about":[{"href":"https:\/\/ing.fs.uni-saarland.de\/index.php\/wp-json\/wp\/v2\/types\/page"}],"author":[{"embeddable":true,"href":"https:\/\/ing.fs.uni-saarland.de\/index.php\/wp-json\/wp\/v2\/users\/1"}],"replies":[{"embeddable":true,"href":"https:\/\/ing.fs.uni-saarland.de\/index.php\/wp-json\/wp\/v2\/comments?post=35"}],"version-history":[{"count":1,"href":"https:\/\/ing.fs.uni-saarland.de\/index.php\/wp-json\/wp\/v2\/pages\/35\/revisions"}],"predecessor-version":[{"id":1386,"href":"https:\/\/ing.fs.uni-saarland.de\/index.php\/wp-json\/wp\/v2\/pages\/35\/revisions\/1386"}],"wp:attachment":[{"href":"https:\/\/ing.fs.uni-saarland.de\/index.php\/wp-json\/wp\/v2\/media?parent=35"}],"curies":[{"name":"wp","href":"https:\/\/api.w.org\/{rel}","templated":true}]}}