{"id":62,"date":"2018-03-13T08:32:58","date_gmt":"2018-03-13T07:32:58","guid":{"rendered":"https:\/\/ing.fs.uni-saarland.de\/?page_id=62"},"modified":"2020-01-13T14:01:38","modified_gmt":"2020-01-13T13:01:38","slug":"impressum","status":"publish","type":"page","link":"https:\/\/ing.fs.uni-saarland.de\/index.php\/impressum\/","title":{"rendered":"Impressum"},"content":{"rendered":"<div id=\"col3_content\" class=\"clearfix\">\n<div id=\"c8\" class=\"csc-default\">\n<h3>Fachschaft der Ingenieurwissenschaften der Universit&auml;t des Saarlandes<\/h3>\n<h4>Hausanschrift:<\/h4>\n<p>Campus Geb&auml;ude A 5 1<br>\n66123 Saarbr&uuml;cken<\/p>\n<h4><strong>Postanschrift<\/strong>:<\/h4>\n<p>Campus Geb&auml;ude A 5 1<br>\nRaum 0.24<br>\n66123 Saarbr&uuml;cken<\/p>\n<h3>Zust&auml;ndige Rechtsaufsicht:<\/h3>\n<p>Universit&auml;t des Saarlandes, vertreten gem&auml;&szlig; &sect; 83, Abs. 6 <a href=\"https:\/\/www.hochschulverband.de\/fileadmin\/redaktion\/download\/pdf\/landesverband\/SAAR\/Saarlaendisches_Hochschulgesetz__SHSG.pdf\">SHSG<\/a>&nbsp;durch den <a class=\"linkExt\" href=\"http:\/\/www.uni-saarland.de\/info\/universitaet\/organisation\/praesidium\/praesident.html\" target=\"_blank\" rel=\"noopener noreferrer\">Universit&auml;tspr&auml;sidenten<\/a>, derzeit Herr Univ.-Professor Dr. Manfred Schmitt Campus Geb&auml;ude A 2 3, 66123 Saarbr&uuml;cken.<\/p>\n<p>Bei inhaltlichen Anregungen und Kommentaren sowie technische Probleme wenden Sie sich bitte an <a href=\"mailto:ing@fs.uni-saarland.de\" target=\"_blank\" rel=\"noopener noreferrer\">ing@fs.uni-saarland.de<\/a><\/p>\n<p>Haftungshinweis: Trotz sorgf&auml;ltiger inhaltlicher Kontrolle &uuml;bernehmen wir keine Haftung f&uuml;r die Inhalte externer Links. F&uuml;r den Inhalt der verlinkten Seiten sind ausschlie&szlig;lich deren Betreiber verantwortlich.<\/p>\n<\/div>\n<\/div>\n","protected":false},"excerpt":{"rendered":"<p>Fachschaft der Ingenieurwissenschaften der Universit\u00e4t des Saarlandes Hausanschrift: Campus Geb\u00e4ude A 5 1 66123 Saarbr\u00fccken Postanschrift: Campus Geb\u00e4ude A 5 1 Raum 0.24 66123 Saarbr\u00fccken Zust\u00e4ndige Rechtsaufsicht: Universit\u00e4t des Saarlandes, vertreten gem\u00e4\u00df \u00a7 83, Abs. 6 SHSG\u00a0durch den Universit\u00e4tspr\u00e4sidenten, derzeit Herr Univ.-Professor Dr. Manfred Schmitt Campus Geb\u00e4ude A 2 3, 66123 Saarbr\u00fccken. Bei inhaltlichen Anregungen und Kommentaren sowie technische Probleme<\/p>\n","protected":false},"author":1,"featured_media":0,"parent":0,"menu_order":0,"comment_status":"closed","ping_status":"closed","template":"","meta":[],"_links":{"self":[{"href":"https:\/\/ing.fs.uni-saarland.de\/index.php\/wp-json\/wp\/v2\/pages\/62"}],"collection":[{"href":"https:\/\/ing.fs.uni-saarland.de\/index.php\/wp-json\/wp\/v2\/pages"}],"about":[{"href":"https:\/\/ing.fs.uni-saarland.de\/index.php\/wp-json\/wp\/v2\/types\/page"}],"author":[{"embeddable":true,"href":"https:\/\/ing.fs.uni-saarland.de\/index.php\/wp-json\/wp\/v2\/users\/1"}],"replies":[{"embeddable":true,"href":"https:\/\/ing.fs.uni-saarland.de\/index.php\/wp-json\/wp\/v2\/comments?post=62"}],"version-history":[{"count":0,"href":"https:\/\/ing.fs.uni-saarland.de\/index.php\/wp-json\/wp\/v2\/pages\/62\/revisions"}],"wp:attachment":[{"href":"https:\/\/ing.fs.uni-saarland.de\/index.php\/wp-json\/wp\/v2\/media?parent=62"}],"curies":[{"name":"wp","href":"https:\/\/api.w.org\/{rel}","templated":true}]}}